{"id":42,"date":"2025-02-04T11:52:03","date_gmt":"2025-02-04T11:52:03","guid":{"rendered":"https:\/\/gymi.se\/web\/?page_id=42"},"modified":"2025-08-09T14:44:30","modified_gmt":"2025-08-09T12:44:30","slug":"lager-under-skollov","status":"publish","type":"page","link":"https:\/\/gymi.se\/web\/lager-under-skollov\/","title":{"rendered":"L\u00e4ger och Kurser under skollov"},"content":{"rendered":"\n<h2 class=\"wp-block-heading\">SPORTIGA DAGL\u00c4GER f\u00f6r barn och ungdomar<\/h2>\n\n\n\n<hr class=\"wp-block-separator has-alpha-channel-opacity\"\/>\n\n\n\n<p>Under skolloven \u2013 sommarlov, sportlov, p\u00e5sklov, h\u00f6stlov, jullov \u2013 anordnar Gymi varierande SPORTIGA DAGL\u00c4GER f\u00f6r barn och ungdomar. Kortare kurser ordnas ocks\u00e5. L\u00e4gren och kurserna passar alla, oberoende vilken niv\u00e5 man befinner sig p\u00e5. Programmet utformas f\u00f6r var och en s\u00e5 att det passar alla kursdeltagare. Det \u00e4r s\u00e5 kul att f\u00e5 tr\u00e4na och leka tillsammans \u2013 i sm\u00e5 grupper f\u00f6rst\u00e5s.<\/p>\n\n\n\n<ul class=\"wp-block-list\">\n<li>H\u00d6STLOVSL\u00c4GER<\/li>\n\n\n\n<li>JULLOVSL\u00c4GER<\/li>\n\n\n\n<li>SPORTLOVSL\u00c4GER<\/li>\n\n\n\n<li>P\u00c5SKLOVSL\u00c4GER<\/li>\n\n\n\n<li>SOMMARLOVSL\u00c4GER<\/li>\n<\/ul>\n\n\n\n<p><\/p>\n\n\n\n<h2 class=\"wp-block-heading\">Gymi Camp -l\u00e4ger \u2013 dagl\u00e4ger \u2013 gympal\u00e4ger \u2013 parkourl\u00e4ger&nbsp; \u2013 cirkusl\u00e4ger \u2013 ninjal\u00e4ger \u2026<\/h2>\n\n\n\n<p><\/p>\n\n\n\n<figure class=\"wp-block-table\"><table class=\"has-fixed-layout\"><tbody><tr><td>Parkour &amp; Freerunning<br>Gymnastik &amp; Cirkus Akrobatik<br>Ninjatr\u00e4ning<br>Yoga<\/td><td>Street workout<br>Spring- och voltskola,<br>Handst\u00e5endeskola<br>Lekar<\/td><\/tr><\/tbody><\/table><\/figure>\n\n\n\n<figure class=\"wp-block-image size-large\"><img loading=\"lazy\" decoding=\"async\" width=\"1024\" height=\"682\" src=\"https:\/\/gymi.se\/web\/wp-content\/uploads\/2025\/02\/DSC_6684-1024x682.jpg\" alt=\"\" class=\"wp-image-47\" srcset=\"https:\/\/gymi.se\/web\/wp-content\/uploads\/2025\/02\/DSC_6684-1024x682.jpg 1024w, https:\/\/gymi.se\/web\/wp-content\/uploads\/2025\/02\/DSC_6684-300x200.jpg 300w, https:\/\/gymi.se\/web\/wp-content\/uploads\/2025\/02\/DSC_6684-768x512.jpg 768w, https:\/\/gymi.se\/web\/wp-content\/uploads\/2025\/02\/DSC_6684.jpg 1280w\" sizes=\"auto, (max-width: 1024px) 100vw, 1024px\" \/><\/figure>\n\n\n\n<hr class=\"wp-block-separator has-alpha-channel-opacity\"\/>\n\n\n\n<h2 class=\"wp-block-heading\">Gymi Workshops Kurser: handst\u00e5endeskola, street workout, voltskola, parkour &amp; freerunning\u2026<\/h2>\n\n\n\n<p>Gymi Workshops arrangeras f\u00f6r barn, ungdomar och \u00e4ven vuxna. Det finns till exempel handst\u00e5endeskola, voltskola och parkour &amp; freerunning kurser. Du kan ocks\u00e5 best\u00e4lla en workshop f\u00f6r din grupp!<\/p>\n\n\n\n<h2 class=\"wp-block-heading\">Boka Gymi-tr\u00e4ning f\u00f6r din grupp<\/h2>\n\n\n\n<p>Vi kan ocks\u00e5 komma till dig. Har du en grupp som vill ha tr\u00e4nare och h\u00e5lla p\u00e5 med kul tr\u00f6ning? Du f\u00e5r g\u00e4rna kontakta oss!<\/p>\n\n\n\n<hr class=\"wp-block-separator has-alpha-channel-opacity\"\/>\n\n\n\n<figure class=\"wp-block-image size-large\"><img loading=\"lazy\" decoding=\"async\" width=\"1024\" height=\"702\" src=\"https:\/\/gymi.se\/web\/wp-content\/uploads\/2025\/02\/esiintyjat_narinkkatori_1080-1024x702.jpg\" alt=\"\" class=\"wp-image-46\" srcset=\"https:\/\/gymi.se\/web\/wp-content\/uploads\/2025\/02\/esiintyjat_narinkkatori_1080-1024x702.jpg 1024w, https:\/\/gymi.se\/web\/wp-content\/uploads\/2025\/02\/esiintyjat_narinkkatori_1080-300x206.jpg 300w, https:\/\/gymi.se\/web\/wp-content\/uploads\/2025\/02\/esiintyjat_narinkkatori_1080-768x526.jpg 768w, https:\/\/gymi.se\/web\/wp-content\/uploads\/2025\/02\/esiintyjat_narinkkatori_1080-1536x1053.jpg 1536w, https:\/\/gymi.se\/web\/wp-content\/uploads\/2025\/02\/esiintyjat_narinkkatori_1080.jpg 1576w\" sizes=\"auto, (max-width: 1024px) 100vw, 1024px\" \/><\/figure>\n","protected":false},"excerpt":{"rendered":"<p>\u2013 Gyml\u00e4ger \u00e4r roligt eftersom man f\u00e5r l\u00e4ra sig nya trick, men man kan ocks\u00e5 vila och till och med sova p\u00e5 tjocka mattor n\u00e4r det \u00e4r dags att vila under dagen.<\/p>\n","protected":false},"author":1,"featured_media":14,"parent":0,"menu_order":0,"comment_status":"closed","ping_status":"closed","template":"","meta":{"footnotes":""},"class_list":["post-42","page","type-page","status-publish","has-post-thumbnail","hentry"],"_links":{"self":[{"href":"https:\/\/gymi.se\/web\/wp-json\/wp\/v2\/pages\/42","targetHints":{"allow":["GET"]}}],"collection":[{"href":"https:\/\/gymi.se\/web\/wp-json\/wp\/v2\/pages"}],"about":[{"href":"https:\/\/gymi.se\/web\/wp-json\/wp\/v2\/types\/page"}],"author":[{"embeddable":true,"href":"https:\/\/gymi.se\/web\/wp-json\/wp\/v2\/users\/1"}],"replies":[{"embeddable":true,"href":"https:\/\/gymi.se\/web\/wp-json\/wp\/v2\/comments?post=42"}],"version-history":[{"count":11,"href":"https:\/\/gymi.se\/web\/wp-json\/wp\/v2\/pages\/42\/revisions"}],"predecessor-version":[{"id":491,"href":"https:\/\/gymi.se\/web\/wp-json\/wp\/v2\/pages\/42\/revisions\/491"}],"wp:featuredmedia":[{"embeddable":true,"href":"https:\/\/gymi.se\/web\/wp-json\/wp\/v2\/media\/14"}],"wp:attachment":[{"href":"https:\/\/gymi.se\/web\/wp-json\/wp\/v2\/media?parent=42"}],"curies":[{"name":"wp","href":"https:\/\/api.w.org\/{rel}","templated":true}]}}