{"id":38,"date":"2025-02-04T11:05:17","date_gmt":"2025-02-04T11:05:17","guid":{"rendered":"https:\/\/gymi.se\/web\/?page_id=38"},"modified":"2025-08-08T12:07:56","modified_gmt":"2025-08-08T10:07:56","slug":"traning-for-barn-mangsidig-rorelse","status":"publish","type":"page","link":"https:\/\/gymi.se\/web\/traning-for-barn-mangsidig-rorelse\/","title":{"rendered":"Tr\u00e4ning f\u00f6r barn \u2013 m\u00e5ngsidig r\u00f6relse f\u00f6r barn och ungdomar"},"content":{"rendered":"\n<hr class=\"wp-block-separator has-alpha-channel-opacity\"\/>\n\n\n\n<h2 class=\"wp-block-heading\">Tr\u00e4ningspass som utvecklar balansf\u00e4rdigheter och motorik &#8211; parkour, gymnastik, akrobatik&#8230;<\/h2>\n\n\n\n<p>Gymi \u00e4r ett tr\u00e4ningskoncept f\u00f6r barn och ungdomar, ett koncept fr\u00e5n Finland. Konceptet grundades 2008 av f\u00f6redetta gymnastik tr\u00e4nare Christina Nurmi och Oona Kivel\u00e4 som b\u00e5de har mycket erfarenhet av barnmotion och pedagogiska uppgifter. Nu drivs Gymi av Nurmi Familj och fina franchise- och licenstagare som alla vill satsa p\u00e5 att f\u00e5 barnen leka och r\u00f6ra p\u00e5 sig mera. Motionspasset skall vara inspirerande och skapa inre motivation till r\u00f6relse i vardagen. Det g\u00e4ller ocks\u00e5 att skapa en motiverande milj\u00f6 \u2013 och det \u00e4r Gymi!<\/p>\n\n\n\n<p>Vi vill att barnen har det roligt p\u00e5 tr\u00e4ningar men att de samtidigt f\u00e5r njuta av att l\u00e4ra sig nya s\u00e5 v\u00e4l fysiska som sociala kunskaper. Samtidigt utvecklas ocks\u00e5 sj\u00e4lvk\u00e4nsla och f\u00f6rtroende.<\/p>\n\n\n\n<p>Vi erbjuder barn och ungdomar i alla \u00e5ldrar motionspass. V\u00e5ra pass inneh\u00e5ller m\u00e5ngsidiga \u00f6vningar som utvecklar motorik och balans, styrka, snabbhet, koordination, smidighet och kroppskontrol. F\u00f6rutom tr\u00e4ningspass som ordnas i form av kurser, arrangeras \u00e4ven\u00a0kurser under skolornas lov samt ledarledda\u00a0barnkalas och andra evenemang. Du hittar mera information om passen p\u00e5\u00a0tr\u00e4ningspass -sidan.<\/p>\n\n\n\n<p>Vi har ocks\u00e5 Gymi Furniture -m\u00f6bler och tr\u00e4ningsutrustning till f\u00f6rfogandet.\u00a0<a href=\"https:\/\/gymi.fi\/shop\/en\/\">Gymi Furniture<\/a>\u00a0-m\u00f6bler finns f\u00f6r hemmet, daghem, skolor och andra offentliga platser.<\/p>\n\n\n\n<p><strong>P\u00e5 Gymi:<\/strong><\/p>\n\n\n\n<ul class=\"wp-block-list\">\n<li>Barnens och ungdomarnas h\u00e4lsa och v\u00e4lm\u00e5ende befr\u00e4mjas.<\/li>\n\n\n\n<li>Nya f\u00e4rdigheter inl\u00e4rs med tanke p\u00e5 individens egen niv\u00e5 och utvecklingens sensitiva perioder; ledarna f\u00f6ljer Gymi-l\u00e4roplanen och dess \u00e5ldersanpassade program.<\/li>\n\n\n\n<li>Gruppstorlekar \u00e4r l\u00e4mpliga och positiva upplevelser garanteras.<\/li>\n\n\n\n<li>\u00c4ven barn med specialbehov r\u00f6r p\u00e5 sig i Gymis verksamhet.<\/li>\n\n\n\n<li>Tryggheten skapas av trygga ledare, struktur och positiv milj\u00f6.<\/li>\n\n\n\n<li>Motivationen h\u00e5lls uppe med m\u00e5ngsidiga, roliga \u00f6vningar och glad atmosf\u00e4r.<\/li>\n<\/ul>\n\n\n\n<h2 class=\"wp-block-heading\">Parkour, gymnastik, akrobatik, cirkus, yoga \u2013 voltskola, handst\u00e5endeskola, l\u00f6pskola, balans och motorik\u2026<\/h2>\n\n\n\n<p>I Gymis verksamhet deltar man p\u00e5 regelbundna tr\u00e4ningar, kurser eller dagl\u00e4ger under skolornas lov. Man kan ocks\u00e5 h\u00e5lla Gymi-kalas, boka Gymi-program f\u00f6r ens kalas eller annat event. Det finns pass f\u00f6r alla \u00e5ldrar \u2013 0-99 \u00e5r! I Gymis verksamhet utvecklas de motoriska och sociala f\u00e4rdigheterna samtidigt som man har det j\u00e4ttekul!<\/p>\n\n\n\n<p>H\u00e4r p\u00e5 v\u00e5r hemsida hittar du information om v\u00e5ra tr\u00e4ningspass, kurser, l\u00e4ger och kalas samt evenemang som ordnas av Gymi.<\/p>\n\n\n\n<p><\/p>\n\n\n\n<figure class=\"wp-block-embed is-type-video is-provider-youtube wp-block-embed-youtube wp-embed-aspect-16-9 wp-has-aspect-ratio\"><div class=\"wp-block-embed__wrapper\">\n<iframe loading=\"lazy\" title=\"Gymi Vinkki -classes\" width=\"640\" height=\"360\" src=\"https:\/\/www.youtube.com\/embed\/rbsNNZgt0_Q?feature=oembed\" frameborder=\"0\" allow=\"accelerometer; autoplay; clipboard-write; encrypted-media; gyroscope; picture-in-picture; web-share\" referrerpolicy=\"strict-origin-when-cross-origin\" allowfullscreen><\/iframe>\n<\/div><\/figure>\n","protected":false},"excerpt":{"rendered":"<p>Tr\u00e4ningspass som utvecklar balansf\u00e4rdigheter och motorik &#8211; parkour, gymnastik, akrobatik&#8230; Gymi \u00e4r ett tr\u00e4ningskoncept f\u00f6r barn och ungdomar, ett koncept [&hellip;]<\/p>\n","protected":false},"author":1,"featured_media":34,"parent":0,"menu_order":0,"comment_status":"closed","ping_status":"closed","template":"","meta":{"footnotes":""},"class_list":["post-38","page","type-page","status-publish","has-post-thumbnail","hentry"],"_links":{"self":[{"href":"https:\/\/gymi.se\/web\/wp-json\/wp\/v2\/pages\/38","targetHints":{"allow":["GET"]}}],"collection":[{"href":"https:\/\/gymi.se\/web\/wp-json\/wp\/v2\/pages"}],"about":[{"href":"https:\/\/gymi.se\/web\/wp-json\/wp\/v2\/types\/page"}],"author":[{"embeddable":true,"href":"https:\/\/gymi.se\/web\/wp-json\/wp\/v2\/users\/1"}],"replies":[{"embeddable":true,"href":"https:\/\/gymi.se\/web\/wp-json\/wp\/v2\/comments?post=38"}],"version-history":[{"count":12,"href":"https:\/\/gymi.se\/web\/wp-json\/wp\/v2\/pages\/38\/revisions"}],"predecessor-version":[{"id":457,"href":"https:\/\/gymi.se\/web\/wp-json\/wp\/v2\/pages\/38\/revisions\/457"}],"wp:featuredmedia":[{"embeddable":true,"href":"https:\/\/gymi.se\/web\/wp-json\/wp\/v2\/media\/34"}],"wp:attachment":[{"href":"https:\/\/gymi.se\/web\/wp-json\/wp\/v2\/media?parent=38"}],"curies":[{"name":"wp","href":"https:\/\/api.w.org\/{rel}","templated":true}]}}