{"id":331,"date":"2025-04-09T14:05:17","date_gmt":"2025-04-09T12:05:17","guid":{"rendered":"https:\/\/gymi.se\/web\/?page_id=331"},"modified":"2025-09-20T14:09:24","modified_gmt":"2025-09-20T12:09:24","slug":"bromma","status":"publish","type":"page","link":"https:\/\/gymi.se\/web\/pris\/bromma\/","title":{"rendered":"Stockholm"},"content":{"rendered":"\n<p>Priserna finns vid kursbeskrivningarna, och f\u00f6r kalasaktiviteter f\u00e5r du offert efter best\u00e4mning av detaljer via e-post.<\/p>\n\n\n\n<h4 class=\"wp-block-heading\"><strong>V\u00e4rlden ser s\u00e5 mycket b\u00e4ttre ut om man kan r\u00f6ra p\u00e5 sig!<\/strong> Join the flow!<\/h4>\n\n\n\n<figure class=\"wp-block-image\"><img loading=\"lazy\" decoding=\"async\" width=\"683\" height=\"1024\" src=\"https:\/\/gymi.se\/web\/wp-content\/uploads\/2025\/08\/DSC_2257-1-683x1024.jpeg\" alt=\"\" class=\"wp-image-444\" srcset=\"https:\/\/gymi.se\/web\/wp-content\/uploads\/2025\/08\/DSC_2257-1-683x1024.jpeg 683w, https:\/\/gymi.se\/web\/wp-content\/uploads\/2025\/08\/DSC_2257-1-200x300.jpeg 200w, https:\/\/gymi.se\/web\/wp-content\/uploads\/2025\/08\/DSC_2257-1-768x1152.jpeg 768w, https:\/\/gymi.se\/web\/wp-content\/uploads\/2025\/08\/DSC_2257-1-1024x1536.jpeg 1024w, https:\/\/gymi.se\/web\/wp-content\/uploads\/2025\/08\/DSC_2257-1.jpeg 1080w\" sizes=\"auto, (max-width: 683px) 100vw, 683px\" \/><\/figure>\n\n\n\n<hr class=\"wp-block-separator has-alpha-channel-opacity\"\/>\n\n\n\n<figure class=\"wp-block-image\"><img loading=\"lazy\" decoding=\"async\" width=\"960\" height=\"640\" src=\"https:\/\/gymi.se\/web\/wp-content\/uploads\/2025\/08\/IMG_5855-1.jpeg\" alt=\"\" class=\"wp-image-445\" srcset=\"https:\/\/gymi.se\/web\/wp-content\/uploads\/2025\/08\/IMG_5855-1.jpeg 960w, https:\/\/gymi.se\/web\/wp-content\/uploads\/2025\/08\/IMG_5855-1-300x200.jpeg 300w, https:\/\/gymi.se\/web\/wp-content\/uploads\/2025\/08\/IMG_5855-1-768x512.jpeg 768w\" sizes=\"auto, (max-width: 960px) 100vw, 960px\" \/><\/figure>\n\n\n\n<hr class=\"wp-block-separator has-alpha-channel-opacity\"\/>\n\n\n\n<figure class=\"wp-block-image\"><img loading=\"lazy\" decoding=\"async\" width=\"960\" height=\"640\" src=\"https:\/\/gymi.se\/web\/wp-content\/uploads\/2025\/08\/IMG_5854-1.jpeg\" alt=\"\" class=\"wp-image-446\" srcset=\"https:\/\/gymi.se\/web\/wp-content\/uploads\/2025\/08\/IMG_5854-1.jpeg 960w, https:\/\/gymi.se\/web\/wp-content\/uploads\/2025\/08\/IMG_5854-1-300x200.jpeg 300w, https:\/\/gymi.se\/web\/wp-content\/uploads\/2025\/08\/IMG_5854-1-768x512.jpeg 768w\" sizes=\"auto, (max-width: 960px) 100vw, 960px\" \/><\/figure>\n\n\n\n<h2 class=\"wp-block-heading\"><\/h2>\n","protected":false},"excerpt":{"rendered":"<p>Priserna finns vid kursbeskrivningarna, och f\u00f6r kalasaktiviteter f\u00e5r du offert efter best\u00e4mning av detaljer via e-post. V\u00e4rlden ser s\u00e5 mycket [&hellip;]<\/p>\n","protected":false},"author":1,"featured_media":0,"parent":179,"menu_order":0,"comment_status":"closed","ping_status":"closed","template":"","meta":{"footnotes":""},"class_list":["post-331","page","type-page","status-publish","hentry"],"_links":{"self":[{"href":"https:\/\/gymi.se\/web\/wp-json\/wp\/v2\/pages\/331","targetHints":{"allow":["GET"]}}],"collection":[{"href":"https:\/\/gymi.se\/web\/wp-json\/wp\/v2\/pages"}],"about":[{"href":"https:\/\/gymi.se\/web\/wp-json\/wp\/v2\/types\/page"}],"author":[{"embeddable":true,"href":"https:\/\/gymi.se\/web\/wp-json\/wp\/v2\/users\/1"}],"replies":[{"embeddable":true,"href":"https:\/\/gymi.se\/web\/wp-json\/wp\/v2\/comments?post=331"}],"version-history":[{"count":7,"href":"https:\/\/gymi.se\/web\/wp-json\/wp\/v2\/pages\/331\/revisions"}],"predecessor-version":[{"id":533,"href":"https:\/\/gymi.se\/web\/wp-json\/wp\/v2\/pages\/331\/revisions\/533"}],"up":[{"embeddable":true,"href":"https:\/\/gymi.se\/web\/wp-json\/wp\/v2\/pages\/179"}],"wp:attachment":[{"href":"https:\/\/gymi.se\/web\/wp-json\/wp\/v2\/media?parent=331"}],"curies":[{"name":"wp","href":"https:\/\/api.w.org\/{rel}","templated":true}]}}