{"id":185,"date":"2025-03-11T16:49:52","date_gmt":"2025-03-11T14:49:52","guid":{"rendered":"https:\/\/gymi.se\/web\/?page_id=185"},"modified":"2025-08-08T11:31:08","modified_gmt":"2025-08-08T09:31:08","slug":"franchising","status":"publish","type":"page","link":"https:\/\/gymi.se\/web\/franchising\/","title":{"rendered":"Licens"},"content":{"rendered":"\n<h1 class=\"wp-block-heading\">Franchise eller licens \u2013 h\u00e5ll Gymi-pass i olika milj\u00f6er eller \u00f6ppna eget barngym!<\/h1>\n\n\n\n<p>Vi vill sprida r\u00f6relsegl\u00e4dje och ge s\u00e5 m\u00e5nga barn som m\u00f6jligt m\u00f6jligheten att tr\u00e4na p\u00e5 balans och viktiga motoriska f\u00e4rdigheter i en uppmuntrande och motiverande milj\u00f6. Det kan vi bara g\u00f6ra tillsammans med andra fina f\u00f6retagare. Vill du l\u00e4ra barn och motivera dem till kul r\u00f6relse? D\u00e5 kanske vill du bli Gymi-<\/p>\n\n\n\n<p>Vi vet hur ett inspirerande och fungerande tr\u00e4ningspass ser ut. Vi har l\u00e4roplanet, tr\u00e4ningsprogrammen och andra anvisningar i en digital handbok som hj\u00e4lper dig i rutinerna.<\/p>\n\n\n\n<p><\/p>\n\n\n\n<hr class=\"wp-block-separator has-alpha-channel-opacity\"\/>\n\n\n\n<h1 class=\"wp-block-heading\">Vill Du bli Franchise- eller Licenstagare?<\/h1>\n\n\n\n<ul class=\"wp-block-list\">\n<li>Du \u00e4r en positiv och organiserad person som brinner f\u00f6r att jobba med barnfamiljer och driva eget<\/li>\n\n\n\n<li>Du har en utbildning och \/ eller erfarenhet inom till exempel pedagogik, idrott eller aff\u00e4rsverksamhet<\/li>\n\n\n\n<li>Du trivs med barn och ungdomar och vill alltid l\u00e4ra dig n\u00e5got nytt<\/li>\n<\/ul>\n\n\n\n<h2 class=\"wp-block-heading\">Vad erbjuder Gymi \u00e5t licenstagaren?<\/h2>\n\n\n\n<ul class=\"wp-block-list\">\n<li>Du f\u00e5r tillg\u00e5ng till den digitala utbildningen och handboken med skriftligt material samt videobanken. Med dessa verktyg kan du h\u00e5lla Gymi-pass i olika milj\u00f6er, ocks\u00e5 utomhus.<\/li>\n<\/ul>\n\n\n\n<h2 class=\"wp-block-heading\">Vad erbjuder Gymi \u00e5t franchisetagaren?<\/h2>\n\n\n\n<ul class=\"wp-block-list\">\n<li>Vi erbjuder en startutbildning som ger kunskap om aff\u00e4rsverksamhetens olika delomr\u00e5den samt Gymis produkter d.v.s. passens inneh\u00e5ll, men ocks\u00e5 till\u00e4ggsutbildning i framtiden<\/li>\n\n\n\n<li>Vi garanterar f\u00f6retagaren ensamr\u00e4tt p\u00e5 hans\/hennes geografiska omr\u00e5de<\/li>\n\n\n\n<li>Vi erbjuder underlag f\u00f6r marknadsf\u00f6ring<\/li>\n\n\n\n<li>F\u00f6retagaren har m\u00f6jligheten att ta det gemensamma CRM-systemet och en del av de existerande hemsidorna<\/li>\n<\/ul>\n\n\n\n<figure class=\"wp-block-embed is-type-video is-provider-vimeo wp-block-embed-vimeo\"><div class=\"wp-block-embed__wrapper\">\n<iframe loading=\"lazy\" title=\"Gymi Yritt\u00e4j\u00e4\" src=\"https:\/\/player.vimeo.com\/video\/53403413?dnt=1&amp;app_id=122963\" width=\"640\" height=\"360\" frameborder=\"0\" allow=\"autoplay; fullscreen; picture-in-picture; clipboard-write; encrypted-media; web-share\" referrerpolicy=\"strict-origin-when-cross-origin\"><\/iframe>\n<\/div><\/figure>\n\n\n\n<hr class=\"wp-block-separator has-alpha-channel-opacity\"\/>\n\n\n\n<h2 class=\"wp-block-heading\">Vad ing\u00e5r i paketet d\u00e5 Du blir franchise- \/ licenstagare f\u00f6r Gymi?<\/h2>\n\n\n\n<p>Lokaliteter, namn, logo, hemsida, val av tekniska hj\u00e4lpmedel och programvara, ekonomi, riskbed\u00f6mning, inredning och underh\u00e5ll \u00e4r exempel p\u00e5 s\u00e5dant som m\u00e5ste vara under kontroll d\u00e5 man t\u00e4nker bli f\u00f6retagare inom branschen. D\u00e5 salen har \u00f6ppnat st\u00e5r marknadsf\u00f6ring och administration i tur samtidigt som oron \u00f6ver att man \u00e4r ensam med alla utmaningar kan komma krypande. Som Gymi-f\u00f6retagare beh\u00f6ver Du inte b\u00f6rja fr\u00e5n noll utan konceptet \u00e4r genomt\u00e4nkt och testat. Vi hj\u00e4lper till under hela uppbyggnadsskedet och vi erbjuder alla verktyg med vars hj\u00e4lp en health club f\u00f6r barn och ungdomar kan sk\u00f6tas p\u00e5 b\u00e4sta s\u00e4tt. Dessutom l\u00e4r vi f\u00f6retagaren ett helt nytt koncept och l\u00e4r ut allt om de unika motionspassen.<\/p>\n\n\n\n<p>Allt detta blir knappast dyrare \u00e4n om Du sk\u00f6tte allt sj\u00e4lv, men med v\u00e5r hj\u00e4lp sparar Du hundratals arbetstimmar. Dessutom f\u00e5r Du ta del av ett fint varum\u00e4rke samt fungerande produkter, och det finns alltid n\u00e5gon Du kan v\u00e4nda Dig till.<\/p>\n\n\n\n<h2 class=\"wp-block-heading\">L\u00e4ge och lokal<\/h2>\n\n\n\n<p>Vi hj\u00e4lper dig i att g\u00f6ra bed\u00f6mning om ett bra l\u00e4ge och vilka andra faktorer som b\u00f6r beaktas. Vi hj\u00e4lper ocks\u00e5 till att v\u00e4lja en l\u00e4mplig lokal.<\/p>\n\n\n\n<h2 class=\"wp-block-heading\">Kalkyler<\/h2>\n\n\n\n<p>Vi uppg\u00f6r tillsammans med Dig en ekonomisk kalkyl. Vi g\u00f6r tillsammans en l\u00f6nsamhetsbed\u00f6mning och finansieringskalkyl. Dessutom uppg\u00f6r vi budgeten f\u00f6r det f\u00f6rsta verksamhets\u00e5ret. Vi erbjuder hj\u00e4lp \u00e4ven i andra ekonomiska fr\u00e5gor.<\/p>\n\n\n\n<h2 class=\"wp-block-heading\">Ombyggnad, renovering och inredning<\/h2>\n\n\n\n<p>Om lokalen kr\u00e4ver renovering eller ombyggnad konsulterar vi Dig. Vi planerar salens inredning utg\u00e5ende fr\u00e5n s\u00e4kerhets- och trygghetsfaktorer och vi hj\u00e4lper till att best\u00e4lla de r\u00e4tta redskapen. Inredningsplanen uppg\u00f6rs s\u00e5 att den st\u00f6der motionpassens inneh\u00e5ll. Vi har de nya Gymi Furniture -redskap till f\u00f6rfogande.<\/p>\n\n\n\n<h2 class=\"wp-block-heading\">Marknadsf\u00f6ring<\/h2>\n\n\n\n<p>Vi producerar f\u00e4rdigt marknadsf\u00f6ringsmaterial f\u00f6r franchisetagaren och vi ger r\u00e5d om hur en fungerande och nyttig marknadsf\u00f6ringsplan uppg\u00f6rs och genomf\u00f6rs. Hemsidorna \u00e4r f\u00e4rdiga f\u00f6r dig att bara uppdatera f\u00f6r din del.<\/p>\n\n\n\n<h2 class=\"wp-block-heading\">Utbildning och den digitala handboken<\/h2>\n\n\n\n<p>Vi l\u00e4r ut konceptets principer f\u00f6r verksamheten, passens inneh\u00e5ll samt hur v\u00e5rt befintliga CRM-system anv\u00e4nds. Vi ger \u00e4ven r\u00e5d i fr\u00e5ga om f\u00f6rs\u00e4ljning, ekonomi, marknadsf\u00f6ring, administration och underh\u00e5ll av salen. Den digitala handboken inneh\u00e5ller l\u00e4roplanet, tr\u00e4ningsprogrammen (skriftlig och video material) och andra anvisningar.<\/p>\n\n\n\n<h2 class=\"wp-block-heading\">Vad f\u00f6rv\u00e4ntar vi av dig?<\/h2>\n\n\n\n<p>Vi vill hitta samarbetsvilliga och entusiastiska personer som vill jobba med barn och ungdomar och f\u00f6rverkliga det&nbsp;&nbsp;Gymi-konceptet. F\u00f6r att kunna starta som f\u00f6retagare med lokal skall du kunna investera ca 400 000 \u2013 500 000 SEK plus r\u00f6relsekapital. Det finns ocks\u00e5 alternativ att starta utan lokal och utrustning. D\u00e5 \u00e4r kapitalbehovet mycket mindre. Vid behov hj\u00e4lper vi dig i att hitta de b\u00e4sta s\u00e4tt att finansiera.<\/p>\n\n\n\n<p>Gymi \u00e4r medlem i Svensk Franchise: www.svenskfranchise.se<\/p>\n\n\n\n<p><strong>Intresserar det Dig att grunda ett gym f\u00f6r barn eller bli Gymi-licenstagare utan lokal?<\/strong><br>Ta d\u00e5 kontakt per e-post eller telefon: info@gymi.se eller +358 45 324 5888.<\/p>\n\n\n\n<p><\/p>\n","protected":false},"excerpt":{"rendered":"<p>Franchise eller licens \u2013 h\u00e5ll Gymi-pass i olika milj\u00f6er eller \u00f6ppna eget barngym! Vi vill sprida r\u00f6relsegl\u00e4dje och ge s\u00e5 [&hellip;]<\/p>\n","protected":false},"author":1,"featured_media":0,"parent":0,"menu_order":0,"comment_status":"closed","ping_status":"closed","template":"","meta":{"footnotes":""},"class_list":["post-185","page","type-page","status-publish","hentry"],"_links":{"self":[{"href":"https:\/\/gymi.se\/web\/wp-json\/wp\/v2\/pages\/185","targetHints":{"allow":["GET"]}}],"collection":[{"href":"https:\/\/gymi.se\/web\/wp-json\/wp\/v2\/pages"}],"about":[{"href":"https:\/\/gymi.se\/web\/wp-json\/wp\/v2\/types\/page"}],"author":[{"embeddable":true,"href":"https:\/\/gymi.se\/web\/wp-json\/wp\/v2\/users\/1"}],"replies":[{"embeddable":true,"href":"https:\/\/gymi.se\/web\/wp-json\/wp\/v2\/comments?post=185"}],"version-history":[{"count":3,"href":"https:\/\/gymi.se\/web\/wp-json\/wp\/v2\/pages\/185\/revisions"}],"predecessor-version":[{"id":451,"href":"https:\/\/gymi.se\/web\/wp-json\/wp\/v2\/pages\/185\/revisions\/451"}],"wp:attachment":[{"href":"https:\/\/gymi.se\/web\/wp-json\/wp\/v2\/media?parent=185"}],"curies":[{"name":"wp","href":"https:\/\/api.w.org\/{rel}","templated":true}]}}