{"id":176,"date":"2025-03-11T16:44:51","date_gmt":"2025-03-11T14:44:51","guid":{"rendered":"https:\/\/gymi.se\/web\/?page_id=176"},"modified":"2025-08-09T14:39:36","modified_gmt":"2025-08-09T12:39:36","slug":"nyheter","status":"publish","type":"page","link":"https:\/\/gymi.se\/web\/nyheter\/","title":{"rendered":"Nyheter"},"content":{"rendered":"\n<p><\/p>\n\n\n\n<figure class=\"wp-block-image\"><a href=\"http:\/\/gymi.se\/www\/wp-content\/uploads\/2023\/02\/leirilapset.jpg\"><img decoding=\"async\" src=\"http:\/\/gymi.se\/www\/wp-content\/uploads\/2023\/02\/leirilapset-300x300.jpg\" alt=\"\" class=\"wp-image-4408\"\/><\/a><\/figure>\n\n\n\n<p><\/p>\n\n\n\n<h2 class=\"wp-block-heading\">GYMI LICENS<\/h2>\n\n\n\n<p>Vill du bli utbildad Gymi-ledare och h\u00e5lla tr\u00e4ningspass, kurser, kalas och event enligt konceptet? Kontakta oss f\u00f6r att veta mera!<\/p>\n\n\n\n<p><\/p>\n","protected":false},"excerpt":{"rendered":"<p>GYMI LICENS Vill du bli utbildad Gymi-ledare och h\u00e5lla tr\u00e4ningspass, kurser, kalas och event enligt konceptet? Kontakta oss f\u00f6r att [&hellip;]<\/p>\n","protected":false},"author":1,"featured_media":0,"parent":0,"menu_order":0,"comment_status":"closed","ping_status":"closed","template":"","meta":{"footnotes":""},"class_list":["post-176","page","type-page","status-publish","hentry"],"_links":{"self":[{"href":"https:\/\/gymi.se\/web\/wp-json\/wp\/v2\/pages\/176","targetHints":{"allow":["GET"]}}],"collection":[{"href":"https:\/\/gymi.se\/web\/wp-json\/wp\/v2\/pages"}],"about":[{"href":"https:\/\/gymi.se\/web\/wp-json\/wp\/v2\/types\/page"}],"author":[{"embeddable":true,"href":"https:\/\/gymi.se\/web\/wp-json\/wp\/v2\/users\/1"}],"replies":[{"embeddable":true,"href":"https:\/\/gymi.se\/web\/wp-json\/wp\/v2\/comments?post=176"}],"version-history":[{"count":5,"href":"https:\/\/gymi.se\/web\/wp-json\/wp\/v2\/pages\/176\/revisions"}],"predecessor-version":[{"id":487,"href":"https:\/\/gymi.se\/web\/wp-json\/wp\/v2\/pages\/176\/revisions\/487"}],"wp:attachment":[{"href":"https:\/\/gymi.se\/web\/wp-json\/wp\/v2\/media?parent=176"}],"curies":[{"name":"wp","href":"https:\/\/api.w.org\/{rel}","templated":true}]}}